{"id":2080,"date":"2016-01-20T03:03:12","date_gmt":"2016-01-20T03:03:12","guid":{"rendered":"http:\/\/europrotokoll.hu\/en\/rolunk\/"},"modified":"2016-10-18T22:37:25","modified_gmt":"2016-10-18T22:37:25","slug":"about-us","status":"publish","type":"page","link":"https:\/\/europrotokoll.hu\/en\/about-us\/","title":{"rendered":"About Us"},"content":{"rendered":"<p style=\"text-align: justify;\">We as business owners \u2013 based on our decade-long experience in governmental and corporate environment \u2013 felt the need to develop such <strong>intense and complex training<\/strong> <strong>programmes<\/strong> that can provide practical skills for both job seekers and active professionals.<\/p>\n<p style=\"text-align: justify;\">Our goal is to provide quality and affordable education for those who truly want to study and to get a marketable profession that cannot be acquired anywhere else.<\/p>\n<p style=\"text-align: justify;\"><strong>Thanks to our elaborate relations in the state and private sectors, our students can enter and gain an insight into organisations and institutions that are otherwise closed to the public. <\/strong><\/p>\n<p style=\"text-align: justify;\"><strong>Unique trainings<\/strong><\/p>\n<p style=\"text-align: justify;\"><strong>&#8211; 50% of the professional modules are conducted on site, at selected venues.<\/strong><\/p>\n<p style=\"text-align: justify;\">We believe that real professionals are trained in service, therefore, our students will spend half of their course time visiting outstanding event locations, top-class event venues that are related to protocol, international relations such as national ministries, international organizations, hotels, sport arenas, restaurants, etc.<\/p>\n<p><img fetchpriority=\"high\" decoding=\"async\" src=\"http:\/\/europrotokoll.hu\/wp-content\/uploads\/2016\/10\/k\u00e9p_honlapra-1024x642.jpg\" alt=\"Europrotokoll\" width=\"640\" height=\"401\" class=\"aligncenter size-large wp-image-2698\" srcset=\"https:\/\/europrotokoll.hu\/wp-content\/uploads\/2016\/10\/k\u00e9p_honlapra-1024x642.jpg 1024w, https:\/\/europrotokoll.hu\/wp-content\/uploads\/2016\/10\/k\u00e9p_honlapra-300x188.jpg 300w, https:\/\/europrotokoll.hu\/wp-content\/uploads\/2016\/10\/k\u00e9p_honlapra-768x482.jpg 768w, https:\/\/europrotokoll.hu\/wp-content\/uploads\/2016\/10\/k\u00e9p_honlapra.jpg 2048w\" sizes=\"(max-width: 640px) 100vw, 640px\" \/><\/p>\n","protected":false},"excerpt":{"rendered":"<p style=\"text-align: justify;\">We as business owners \u2013 based on our decade-long experience in governmental and corporate environment \u2013 felt the need to develop such <strong>intense and complex training<\/strong> <strong>programmes<\/strong> that can provide practical skills for both job seekers and active professionals.<\/p>\n<p style=\"text-align: justify;\">Our goal is to provide quality and affordable education for those who truly want to study and to get a marketable profession that cannot be acquired anywhere else.<\/p>\n<p style=\"text-align: justify;\"><strong>Thanks to our elaborate relations in the state and private sectors,&#8230;<\/strong><\/p>\n","protected":false},"author":1,"featured_media":0,"parent":0,"menu_order":0,"comment_status":"closed","ping_status":"closed","template":"","meta":{"footnotes":""},"class_list":["post-2080","page","type-page","status-publish","hentry"],"yoast_head":"<!-- This site is optimized with the Yoast SEO plugin v27.4 - https:\/\/yoast.com\/product\/yoast-seo-wordpress\/ -->\n<title>About Us - Eur\u00f3pai Protokoll- \u00e9s Asszisztens K\u00e9pz\u0151 K\u00f6zpont Kft.<\/title>\n<meta name=\"robots\" content=\"index, follow, max-snippet:-1, max-image-preview:large, max-video-preview:-1\" \/>\n<link rel=\"canonical\" href=\"https:\/\/europrotokoll.hu\/en\/about-us\/\" \/>\n<meta property=\"og:locale\" content=\"en_US\" \/>\n<meta property=\"og:type\" content=\"article\" \/>\n<meta property=\"og:title\" content=\"About Us - Eur\u00f3pai Protokoll- \u00e9s Asszisztens K\u00e9pz\u0151 K\u00f6zpont Kft.\" \/>\n<meta property=\"og:description\" content=\"We as business owners \u2013 based on our decade-long experience in governmental and corporate environment \u2013 felt the need to develop such intense and complex training programmes that can provide practical skills for both job seekers and active professionals. Our goal is to provide quality and affordable education for those who truly want to study and to get a marketable profession that cannot be acquired anywhere else. Thanks to our elaborate relations in the state and private sectors,...\" \/>\n<meta property=\"og:url\" content=\"https:\/\/europrotokoll.hu\/en\/about-us\/\" \/>\n<meta property=\"og:site_name\" content=\"Eur\u00f3pai Protokoll- \u00e9s Asszisztens K\u00e9pz\u0151 K\u00f6zpont Kft.\" \/>\n<meta property=\"article:modified_time\" content=\"2016-10-18T22:37:25+00:00\" \/>\n<meta name=\"twitter:card\" content=\"summary_large_image\" \/>\n<meta name=\"twitter:label1\" content=\"Est. reading time\" \/>\n\t<meta name=\"twitter:data1\" content=\"1 minute\" \/>\n<script type=\"application\/ld+json\" class=\"yoast-schema-graph\">{\"@context\":\"https:\\\/\\\/schema.org\",\"@graph\":[{\"@type\":\"WebPage\",\"@id\":\"https:\\\/\\\/europrotokoll.hu\\\/en\\\/about-us\\\/\",\"url\":\"https:\\\/\\\/europrotokoll.hu\\\/en\\\/about-us\\\/\",\"name\":\"About Us - Eur\u00f3pai Protokoll- \u00e9s Asszisztens K\u00e9pz\u0151 K\u00f6zpont Kft.\",\"isPartOf\":{\"@id\":\"https:\\\/\\\/europrotokoll.hu\\\/#website\"},\"datePublished\":\"2016-01-20T03:03:12+00:00\",\"dateModified\":\"2016-10-18T22:37:25+00:00\",\"breadcrumb\":{\"@id\":\"https:\\\/\\\/europrotokoll.hu\\\/en\\\/about-us\\\/#breadcrumb\"},\"inLanguage\":\"en-US\",\"potentialAction\":[{\"@type\":\"ReadAction\",\"target\":[\"https:\\\/\\\/europrotokoll.hu\\\/en\\\/about-us\\\/\"]}]},{\"@type\":\"BreadcrumbList\",\"@id\":\"https:\\\/\\\/europrotokoll.hu\\\/en\\\/about-us\\\/#breadcrumb\",\"itemListElement\":[{\"@type\":\"ListItem\",\"position\":1,\"name\":\"Home\",\"item\":\"https:\\\/\\\/europrotokoll.hu\\\/en\\\/\"},{\"@type\":\"ListItem\",\"position\":2,\"name\":\"About Us\"}]},{\"@type\":\"WebSite\",\"@id\":\"https:\\\/\\\/europrotokoll.hu\\\/#website\",\"url\":\"https:\\\/\\\/europrotokoll.hu\\\/\",\"name\":\"Eur\u00f3pai Protokoll- \u00e9s Asszisztens K\u00e9pz\u0151 K\u00f6zpont Kft.\",\"description\":\"\",\"potentialAction\":[{\"@type\":\"SearchAction\",\"target\":{\"@type\":\"EntryPoint\",\"urlTemplate\":\"https:\\\/\\\/europrotokoll.hu\\\/?s={search_term_string}\"},\"query-input\":{\"@type\":\"PropertyValueSpecification\",\"valueRequired\":true,\"valueName\":\"search_term_string\"}}],\"inLanguage\":\"en-US\"}]}<\/script>\n<!-- \/ Yoast SEO plugin. -->","yoast_head_json":{"title":"About Us - Eur\u00f3pai Protokoll- \u00e9s Asszisztens K\u00e9pz\u0151 K\u00f6zpont Kft.","robots":{"index":"index","follow":"follow","max-snippet":"max-snippet:-1","max-image-preview":"max-image-preview:large","max-video-preview":"max-video-preview:-1"},"canonical":"https:\/\/europrotokoll.hu\/en\/about-us\/","og_locale":"en_US","og_type":"article","og_title":"About Us - Eur\u00f3pai Protokoll- \u00e9s Asszisztens K\u00e9pz\u0151 K\u00f6zpont Kft.","og_description":"We as business owners \u2013 based on our decade-long experience in governmental and corporate environment \u2013 felt the need to develop such intense and complex training programmes that can provide practical skills for both job seekers and active professionals. Our goal is to provide quality and affordable education for those who truly want to study and to get a marketable profession that cannot be acquired anywhere else. Thanks to our elaborate relations in the state and private sectors,...","og_url":"https:\/\/europrotokoll.hu\/en\/about-us\/","og_site_name":"Eur\u00f3pai Protokoll- \u00e9s Asszisztens K\u00e9pz\u0151 K\u00f6zpont Kft.","article_modified_time":"2016-10-18T22:37:25+00:00","twitter_card":"summary_large_image","twitter_misc":{"Est. reading time":"1 minute"},"schema":{"@context":"https:\/\/schema.org","@graph":[{"@type":"WebPage","@id":"https:\/\/europrotokoll.hu\/en\/about-us\/","url":"https:\/\/europrotokoll.hu\/en\/about-us\/","name":"About Us - Eur\u00f3pai Protokoll- \u00e9s Asszisztens K\u00e9pz\u0151 K\u00f6zpont Kft.","isPartOf":{"@id":"https:\/\/europrotokoll.hu\/#website"},"datePublished":"2016-01-20T03:03:12+00:00","dateModified":"2016-10-18T22:37:25+00:00","breadcrumb":{"@id":"https:\/\/europrotokoll.hu\/en\/about-us\/#breadcrumb"},"inLanguage":"en-US","potentialAction":[{"@type":"ReadAction","target":["https:\/\/europrotokoll.hu\/en\/about-us\/"]}]},{"@type":"BreadcrumbList","@id":"https:\/\/europrotokoll.hu\/en\/about-us\/#breadcrumb","itemListElement":[{"@type":"ListItem","position":1,"name":"Home","item":"https:\/\/europrotokoll.hu\/en\/"},{"@type":"ListItem","position":2,"name":"About Us"}]},{"@type":"WebSite","@id":"https:\/\/europrotokoll.hu\/#website","url":"https:\/\/europrotokoll.hu\/","name":"Eur\u00f3pai Protokoll- \u00e9s Asszisztens K\u00e9pz\u0151 K\u00f6zpont Kft.","description":"","potentialAction":[{"@type":"SearchAction","target":{"@type":"EntryPoint","urlTemplate":"https:\/\/europrotokoll.hu\/?s={search_term_string}"},"query-input":{"@type":"PropertyValueSpecification","valueRequired":true,"valueName":"search_term_string"}}],"inLanguage":"en-US"}]}},"_links":{"self":[{"href":"https:\/\/europrotokoll.hu\/en\/wp-json\/wp\/v2\/pages\/2080","targetHints":{"allow":["GET"]}}],"collection":[{"href":"https:\/\/europrotokoll.hu\/en\/wp-json\/wp\/v2\/pages"}],"about":[{"href":"https:\/\/europrotokoll.hu\/en\/wp-json\/wp\/v2\/types\/page"}],"author":[{"embeddable":true,"href":"https:\/\/europrotokoll.hu\/en\/wp-json\/wp\/v2\/users\/1"}],"replies":[{"embeddable":true,"href":"https:\/\/europrotokoll.hu\/en\/wp-json\/wp\/v2\/comments?post=2080"}],"version-history":[{"count":0,"href":"https:\/\/europrotokoll.hu\/en\/wp-json\/wp\/v2\/pages\/2080\/revisions"}],"wp:attachment":[{"href":"https:\/\/europrotokoll.hu\/en\/wp-json\/wp\/v2\/media?parent=2080"}],"curies":[{"name":"wp","href":"https:\/\/api.w.org\/{rel}","templated":true}]}}