{"id":2113,"date":"2016-06-02T13:14:18","date_gmt":"2016-06-02T13:14:18","guid":{"rendered":"http:\/\/europrotokoll.hu\/en\/books-on-protocol\/"},"modified":"2016-09-28T21:37:49","modified_gmt":"2016-09-28T21:37:49","slug":"books-on-protocol","status":"publish","type":"page","link":"https:\/\/europrotokoll.hu\/en\/books-on-protocol\/","title":{"rendered":"Books on Protocol"},"content":{"rendered":"<p>Aiming to extend the list of available books on protocol and sport protocol both in Hungarian and in English, please, find the list of books published in Germany and Hungary, all written by Ms Nikoletta Hoss\u00f3, co-owner of P.E.A.C.E.<\/p>\n<div style=\"margin-bottom: 40px; height: 300px; width: 100%;\"><a style=\"margin: 0 4%; float: left;\" href=\"\/?page_id=2038#protokoll-a-diplomacia-es-nemzetkozi-kapcsolatok-hattereben\"><img fetchpriority=\"high\" decoding=\"async\" src=\"http:\/\/europrotokoll.hu\/wp-content\/uploads\/2016\/05\/protokoll-210x300.jpg\" alt=\"Hoss\u00f3 Nikoletta: \u201eProtokoll a diplom\u00e1cia \u00e9s nemzetk\u00f6zi kapcsolatok h\u00e1tter\u00e9ben\u201c\" width=\"210\" height=\"300\" \/><\/a><a style=\"margin: 0 4%; float: left;\" href=\"\/?page_id=2038#sportprotokoll\"><img decoding=\"async\" src=\"http:\/\/europrotokoll.hu\/wp-content\/uploads\/2016\/05\/Sportprotokoll-212x300.jpg\" alt=\"Hoss\u00f3 Nikoletta \u2013 Elbert G\u00e1bor: Sport, Protokoll, Sportprotokoll\" width=\"212\" height=\"300\" \/><\/a><a style=\"margin: 0 4%; float: left;\" href=\"\/?page_id=2038#secrets-of-the-first-papal-visit-to-hungary\"><img decoding=\"async\" src=\"http:\/\/europrotokoll.hu\/wp-content\/uploads\/2016\/05\/secrets-of-the-first-papal-visit-to-hungary-1-205x300.jpg\" alt=\"Nikoletta Hoss\u00f3: Secrets of the first papal visit to Hungary \u2013 Protocol and Poltics behind the (iron-) curtain\" width=\"205\" height=\"300\" \/><\/a><\/div>\n<div style=\"clear: both;\">\n<hr \/>\n<p style=\"text-align: justify;\"><strong>&#8211; \u201eInternational Relations Glossary\u201d \u2013 <\/strong>English-Hungarian professional dictionary with technical terms of diplomacy, economy, politics, law and protocol (scheduled publishing: September 2016)<\/p>\n<p style=\"text-align: justify;\"><strong>&#8211; \u201ePolitics and protocol: the first papal visit to Hungary 25 years ago\u201d <\/strong>(scheduled publishing: 2016)<\/p>\n<p style=\"text-align: justify;\"><strong>&#8211; TOP SECRETARY \u2013 <\/strong>behind the scenes of professional office management<\/p>\n<\/div>\n<hr \/>\n<h3 id=\"secrets-of-the-first-papal-visit-to-hungary\"><strong><a href=\"http:\/\/europrotokoll.hu\/wp-content\/uploads\/2016\/05\/secrets-of-the-first-papal-visit-to-hungary_d.jpg\"><img loading=\"lazy\" decoding=\"async\" class=\"wp-image-2052 size-medium alignleft\" src=\"http:\/\/europrotokoll.hu\/wp-content\/uploads\/2016\/05\/secrets-of-the-first-papal-visit-to-hungary-1-205x300.jpg\" alt=\"Nikoletta Hoss\u00f3: Secrets of the first papal visit to Hungary \u2013 Protocol and Poltics behind the (iron-) curtain\" width=\"205\" height=\"300\" srcset=\"https:\/\/europrotokoll.hu\/wp-content\/uploads\/2016\/05\/secrets-of-the-first-papal-visit-to-hungary-1-205x300.jpg 205w, https:\/\/europrotokoll.hu\/wp-content\/uploads\/2016\/05\/secrets-of-the-first-papal-visit-to-hungary-1-768x1125.jpg 768w, https:\/\/europrotokoll.hu\/wp-content\/uploads\/2016\/05\/secrets-of-the-first-papal-visit-to-hungary-1-699x1024.jpg 699w, https:\/\/europrotokoll.hu\/wp-content\/uploads\/2016\/05\/secrets-of-the-first-papal-visit-to-hungary-1.jpg 1182w\" sizes=\"(max-width: 205px) 100vw, 205px\" \/><\/a>Nikoletta Hoss\u00f3: <\/strong><em>Secrets of the first papal visit to Hungary \u2013 Protocol and Politics behind the (iron-) curtain <\/em><\/h3>\n<p style=\"text-align: justify;\">Lambert Academic Publishing, Germany, 2012.<\/p>\n<p style=\"text-align: justify;\">Although several books on papal travels have been published we still know little about the real background of papal visits, the multi-year preparations behind the scenes and the actual organizational tasks of the event. The aim of my research is to present the series of relevant political and ecclesiastical policy events in Hungary and the historical path between the break-up and re-establishment of diplomatic relations with the Vatican. The domestic and foreign policy matters of an interesting period between 1945 and 1991, the overcoming of obstacles standing in the way of changes altogether led to John Paul II\u2019s first visit to Hungary. In the second part I have explored the complex process involving national and international cooperation. The comprehensive analysis complemented with authentic photography sheds light on the intricacy of the organization of this visit therefore it should be especially useful for University students and professionals in Diplomacy\/Protocol fields alike and those interested in Hungary&#8217;s former communist-socialist political system and the change of regime. To our knowledge no analysis on this particular event in such detail has been performed thus far.<\/p>\n<p><a href=\"https:\/\/www.facebook.com\/Secretsofpapalvisit\/\"><em>https:\/\/www.facebook.com\/<strong>Secrets<\/strong>of<strong>papalvisit<\/strong>\/<\/em><\/a><\/p>\n<p><a href=\"http:\/\/www.amazon.com\/Secrets-first-papal-visit-Hungary\/dp\/3659165271\">http:\/\/www.amazon.com\/Secrets-first-papal-visit-Hungary\/dp\/3659165271<\/a><\/p>\n","protected":false},"excerpt":{"rendered":"<p>Aiming to extend the list of available books on protocol and sport protocol both in Hungarian and in English, please, find the list of books published in Germany and Hungary, all written by Ms Nikoletta Hoss\u00f3, co-owner of P.E.A.C.E.<\/p>\n<div style=\"margin-bottom: 40px; height: 300px; width: 100%;\"><a style=\"margin: 0 4%; float: left;\" href=\"\/?page_id=2038#protokoll-a-diplomacia-es-nemzetkozi-kapcsolatok-hattereben\"><img fetchpriority=\"high\" fetchpriority=\"high\" decoding=\"async\" src=\"http:\/\/europrotokoll.hu\/wp-content\/uploads\/2016\/05\/protokoll-210x300.jpg\" alt=\"Hoss\u00f3 Nikoletta: \u201eProtokoll a diplom\u00e1cia \u00e9s nemzetk\u00f6zi kapcsolatok h\u00e1tter\u00e9ben\u201c\" width=\"210\" height=\"300\" \/><\/a><a style=\"margin: 0 4%; float: left;\" href=\"\/?page_id=2038#sportprotokoll\"><img decoding=\"async\" src=\"http:\/\/europrotokoll.hu\/wp-content\/uploads\/2016\/05\/Sportprotokoll-212x300.jpg\" alt=\"Hoss\u00f3 Nikoletta \u2013 Elbert G\u00e1bor: Sport, Protokoll, Sportprotokoll\" width=\"212\" height=\"300\" \/><\/a><a style=\"margin: 0 4%; float: left;\" href=\"\/?page_id=2038#secrets-of-the-first-papal-visit-to-hungary\"><img decoding=\"async\" src=\"http:\/\/europrotokoll.hu\/wp-content\/uploads\/2016\/05\/secrets-of-the-first-papal-visit-to-hungary-1-205x300.jpg\" alt=\"Nikoletta Hoss\u00f3: Secrets of the first papal visit to Hungary \u2013 Protocol and Poltics behind the (iron-) curtain\" width=\"205\" height=\"300\" \/><\/a><\/div>\n<div style=\"clear: both;\">\n<hr \/>\n<p style=\"text-align: justify;\"><strong>&#8211; \u201eInternational Relations Glossary\u201d \u2013 <\/strong>English-Hungarian professional dictionary with technical terms of diplomacy, economy, politics, law and protocol (scheduled publishing: September 2016)<\/p>\n<p style=\"text-align: justify;\"><strong>&#8211;&#8230;<\/strong><\/p>\n<\/div>\n","protected":false},"author":1,"featured_media":0,"parent":0,"menu_order":0,"comment_status":"closed","ping_status":"closed","template":"","meta":{"footnotes":""},"class_list":["post-2113","page","type-page","status-publish","hentry"],"yoast_head":"<!-- This site is optimized with the Yoast SEO plugin v27.4 - https:\/\/yoast.com\/product\/yoast-seo-wordpress\/ -->\n<title>Books on Protocol - Eur\u00f3pai Protokoll- \u00e9s Asszisztens K\u00e9pz\u0151 K\u00f6zpont Kft.<\/title>\n<meta name=\"robots\" content=\"index, follow, max-snippet:-1, max-image-preview:large, max-video-preview:-1\" \/>\n<link rel=\"canonical\" href=\"https:\/\/europrotokoll.hu\/en\/books-on-protocol\/\" \/>\n<meta property=\"og:locale\" content=\"en_US\" \/>\n<meta property=\"og:type\" content=\"article\" \/>\n<meta property=\"og:title\" content=\"Books on Protocol - Eur\u00f3pai Protokoll- \u00e9s Asszisztens K\u00e9pz\u0151 K\u00f6zpont Kft.\" \/>\n<meta property=\"og:description\" content=\"Aiming to extend the list of available books on protocol and sport protocol both in Hungarian and in English, please, find the list of books published in Germany and Hungary, all written by Ms Nikoletta Hoss\u00f3, co-owner of P.E.A.C.E.  &#8211; \u201eInternational Relations Glossary\u201d \u2013 English-Hungarian professional dictionary with technical terms of diplomacy, economy, politics, law and protocol (scheduled publishing: September 2016) &#8211;...\" \/>\n<meta property=\"og:url\" content=\"https:\/\/europrotokoll.hu\/en\/books-on-protocol\/\" \/>\n<meta property=\"og:site_name\" content=\"Eur\u00f3pai Protokoll- \u00e9s Asszisztens K\u00e9pz\u0151 K\u00f6zpont Kft.\" \/>\n<meta property=\"article:modified_time\" content=\"2016-09-28T21:37:49+00:00\" \/>\n<meta property=\"og:image\" content=\"http:\/\/europrotokoll.hu\/wp-content\/uploads\/2016\/05\/protokoll-210x300.jpg\" \/>\n<meta name=\"twitter:card\" content=\"summary_large_image\" \/>\n<meta name=\"twitter:label1\" content=\"Est. reading time\" \/>\n\t<meta name=\"twitter:data1\" content=\"2 minutes\" \/>\n<script type=\"application\/ld+json\" class=\"yoast-schema-graph\">{\"@context\":\"https:\\\/\\\/schema.org\",\"@graph\":[{\"@type\":\"WebPage\",\"@id\":\"https:\\\/\\\/europrotokoll.hu\\\/en\\\/books-on-protocol\\\/\",\"url\":\"https:\\\/\\\/europrotokoll.hu\\\/en\\\/books-on-protocol\\\/\",\"name\":\"Books on Protocol - Eur\u00f3pai Protokoll- \u00e9s Asszisztens K\u00e9pz\u0151 K\u00f6zpont Kft.\",\"isPartOf\":{\"@id\":\"https:\\\/\\\/europrotokoll.hu\\\/#website\"},\"primaryImageOfPage\":{\"@id\":\"https:\\\/\\\/europrotokoll.hu\\\/en\\\/books-on-protocol\\\/#primaryimage\"},\"image\":{\"@id\":\"https:\\\/\\\/europrotokoll.hu\\\/en\\\/books-on-protocol\\\/#primaryimage\"},\"thumbnailUrl\":\"http:\\\/\\\/europrotokoll.hu\\\/wp-content\\\/uploads\\\/2016\\\/05\\\/protokoll-210x300.jpg\",\"datePublished\":\"2016-06-02T13:14:18+00:00\",\"dateModified\":\"2016-09-28T21:37:49+00:00\",\"breadcrumb\":{\"@id\":\"https:\\\/\\\/europrotokoll.hu\\\/en\\\/books-on-protocol\\\/#breadcrumb\"},\"inLanguage\":\"en-US\",\"potentialAction\":[{\"@type\":\"ReadAction\",\"target\":[\"https:\\\/\\\/europrotokoll.hu\\\/en\\\/books-on-protocol\\\/\"]}]},{\"@type\":\"ImageObject\",\"inLanguage\":\"en-US\",\"@id\":\"https:\\\/\\\/europrotokoll.hu\\\/en\\\/books-on-protocol\\\/#primaryimage\",\"url\":\"http:\\\/\\\/europrotokoll.hu\\\/wp-content\\\/uploads\\\/2016\\\/05\\\/protokoll-210x300.jpg\",\"contentUrl\":\"http:\\\/\\\/europrotokoll.hu\\\/wp-content\\\/uploads\\\/2016\\\/05\\\/protokoll-210x300.jpg\"},{\"@type\":\"BreadcrumbList\",\"@id\":\"https:\\\/\\\/europrotokoll.hu\\\/en\\\/books-on-protocol\\\/#breadcrumb\",\"itemListElement\":[{\"@type\":\"ListItem\",\"position\":1,\"name\":\"Home\",\"item\":\"https:\\\/\\\/europrotokoll.hu\\\/en\\\/\"},{\"@type\":\"ListItem\",\"position\":2,\"name\":\"Books on Protocol\"}]},{\"@type\":\"WebSite\",\"@id\":\"https:\\\/\\\/europrotokoll.hu\\\/#website\",\"url\":\"https:\\\/\\\/europrotokoll.hu\\\/\",\"name\":\"Eur\u00f3pai Protokoll- \u00e9s Asszisztens K\u00e9pz\u0151 K\u00f6zpont Kft.\",\"description\":\"\",\"potentialAction\":[{\"@type\":\"SearchAction\",\"target\":{\"@type\":\"EntryPoint\",\"urlTemplate\":\"https:\\\/\\\/europrotokoll.hu\\\/?s={search_term_string}\"},\"query-input\":{\"@type\":\"PropertyValueSpecification\",\"valueRequired\":true,\"valueName\":\"search_term_string\"}}],\"inLanguage\":\"en-US\"}]}<\/script>\n<!-- \/ Yoast SEO plugin. -->","yoast_head_json":{"title":"Books on Protocol - Eur\u00f3pai Protokoll- \u00e9s Asszisztens K\u00e9pz\u0151 K\u00f6zpont Kft.","robots":{"index":"index","follow":"follow","max-snippet":"max-snippet:-1","max-image-preview":"max-image-preview:large","max-video-preview":"max-video-preview:-1"},"canonical":"https:\/\/europrotokoll.hu\/en\/books-on-protocol\/","og_locale":"en_US","og_type":"article","og_title":"Books on Protocol - Eur\u00f3pai Protokoll- \u00e9s Asszisztens K\u00e9pz\u0151 K\u00f6zpont Kft.","og_description":"Aiming to extend the list of available books on protocol and sport protocol both in Hungarian and in English, please, find the list of books published in Germany and Hungary, all written by Ms Nikoletta Hoss\u00f3, co-owner of P.E.A.C.E.  &#8211; \u201eInternational Relations Glossary\u201d \u2013 English-Hungarian professional dictionary with technical terms of diplomacy, economy, politics, law and protocol (scheduled publishing: September 2016) &#8211;...","og_url":"https:\/\/europrotokoll.hu\/en\/books-on-protocol\/","og_site_name":"Eur\u00f3pai Protokoll- \u00e9s Asszisztens K\u00e9pz\u0151 K\u00f6zpont Kft.","article_modified_time":"2016-09-28T21:37:49+00:00","og_image":[{"url":"http:\/\/europrotokoll.hu\/wp-content\/uploads\/2016\/05\/protokoll-210x300.jpg","type":"","width":"","height":""}],"twitter_card":"summary_large_image","twitter_misc":{"Est. reading time":"2 minutes"},"schema":{"@context":"https:\/\/schema.org","@graph":[{"@type":"WebPage","@id":"https:\/\/europrotokoll.hu\/en\/books-on-protocol\/","url":"https:\/\/europrotokoll.hu\/en\/books-on-protocol\/","name":"Books on Protocol - Eur\u00f3pai Protokoll- \u00e9s Asszisztens K\u00e9pz\u0151 K\u00f6zpont Kft.","isPartOf":{"@id":"https:\/\/europrotokoll.hu\/#website"},"primaryImageOfPage":{"@id":"https:\/\/europrotokoll.hu\/en\/books-on-protocol\/#primaryimage"},"image":{"@id":"https:\/\/europrotokoll.hu\/en\/books-on-protocol\/#primaryimage"},"thumbnailUrl":"http:\/\/europrotokoll.hu\/wp-content\/uploads\/2016\/05\/protokoll-210x300.jpg","datePublished":"2016-06-02T13:14:18+00:00","dateModified":"2016-09-28T21:37:49+00:00","breadcrumb":{"@id":"https:\/\/europrotokoll.hu\/en\/books-on-protocol\/#breadcrumb"},"inLanguage":"en-US","potentialAction":[{"@type":"ReadAction","target":["https:\/\/europrotokoll.hu\/en\/books-on-protocol\/"]}]},{"@type":"ImageObject","inLanguage":"en-US","@id":"https:\/\/europrotokoll.hu\/en\/books-on-protocol\/#primaryimage","url":"http:\/\/europrotokoll.hu\/wp-content\/uploads\/2016\/05\/protokoll-210x300.jpg","contentUrl":"http:\/\/europrotokoll.hu\/wp-content\/uploads\/2016\/05\/protokoll-210x300.jpg"},{"@type":"BreadcrumbList","@id":"https:\/\/europrotokoll.hu\/en\/books-on-protocol\/#breadcrumb","itemListElement":[{"@type":"ListItem","position":1,"name":"Home","item":"https:\/\/europrotokoll.hu\/en\/"},{"@type":"ListItem","position":2,"name":"Books on Protocol"}]},{"@type":"WebSite","@id":"https:\/\/europrotokoll.hu\/#website","url":"https:\/\/europrotokoll.hu\/","name":"Eur\u00f3pai Protokoll- \u00e9s Asszisztens K\u00e9pz\u0151 K\u00f6zpont Kft.","description":"","potentialAction":[{"@type":"SearchAction","target":{"@type":"EntryPoint","urlTemplate":"https:\/\/europrotokoll.hu\/?s={search_term_string}"},"query-input":{"@type":"PropertyValueSpecification","valueRequired":true,"valueName":"search_term_string"}}],"inLanguage":"en-US"}]}},"_links":{"self":[{"href":"https:\/\/europrotokoll.hu\/en\/wp-json\/wp\/v2\/pages\/2113","targetHints":{"allow":["GET"]}}],"collection":[{"href":"https:\/\/europrotokoll.hu\/en\/wp-json\/wp\/v2\/pages"}],"about":[{"href":"https:\/\/europrotokoll.hu\/en\/wp-json\/wp\/v2\/types\/page"}],"author":[{"embeddable":true,"href":"https:\/\/europrotokoll.hu\/en\/wp-json\/wp\/v2\/users\/1"}],"replies":[{"embeddable":true,"href":"https:\/\/europrotokoll.hu\/en\/wp-json\/wp\/v2\/comments?post=2113"}],"version-history":[{"count":0,"href":"https:\/\/europrotokoll.hu\/en\/wp-json\/wp\/v2\/pages\/2113\/revisions"}],"wp:attachment":[{"href":"https:\/\/europrotokoll.hu\/en\/wp-json\/wp\/v2\/media?parent=2113"}],"curies":[{"name":"wp","href":"https:\/\/api.w.org\/{rel}","templated":true}]}}