{"id":2114,"date":"2016-06-02T13:15:07","date_gmt":"2016-06-02T13:15:07","guid":{"rendered":"http:\/\/europrotokoll.hu\/en\/contact-us\/"},"modified":"2020-03-10T15:54:36","modified_gmt":"2020-03-10T15:54:36","slug":"contact-us","status":"publish","type":"page","link":"https:\/\/europrotokoll.hu\/en\/contact-us\/","title":{"rendered":"Contact Us"},"content":{"rendered":"<div class=\"wpb-content-wrapper\"><p>[vc_row el_class=&#8221;tm-wpcf7&#8243;][vc_column width=&#8221;1\/2&#8243;][vc_row_inner][vc_column_inner css=&#8221;.vc_custom_1461330107320{padding-top: 35px !important;padding-right: 0px !important;padding-bottom: 35px !important;padding-left: 50px !important;}&#8221;][vc_custom_heading text=&#8221;Contact Us&#8221; font_container=&#8221;tag:h3|font_size:22|text_align:left|color:%23444444&#8243; use_theme_fonts=&#8221;yes&#8221; el_class=&#8221;heading-left-grey font-weight-700&#8243; tm_font_weight=&#8221;600&#8243; tm_letter_spacing=&#8221;0px&#8221;][vc_column_text css=&#8221;.vc_custom_1461560293250{margin-top: 25px !important;margin-bottom: 0px !important;}&#8221;]<\/p>\n<p><strong>E-mail<br \/>\n<\/strong><a href=\"mailto:europrotokoll@gmail.com\"><strong>europrotokoll@gmail.com<br \/>\n<\/strong><\/a><a href=\"mailto:Hosso.nikoletta@europrotokoll.hu\"><strong>hosso.nikoletta@europrotokoll.hu<\/strong><\/a><\/p>\n<p><strong>Web<br \/>\n<\/strong><a href=\"http:\/\/www.theprotocolmagazine.com\"><strong>www.europrotokoll.hu<br \/>\nwww.theprotocolmagazine.com<\/strong><\/a><\/p>\n<p style=\"text-align: left;\"><strong>Address:<\/strong> 1037 Budapest, Solym\u00e1rv\u00f6lgyi \u00fat 182.<br \/>\n<strong>Company: <\/strong>Protocol Education- and Assistants\u2019 Centre of Europe<br \/>\n<strong>Owners:<\/strong> Hoss\u00f3 Nikoletta<br \/>\n<strong>Tax number: <\/strong>25503689-1-42<br \/>\n<strong>Registration number:<\/strong> 01-09-278903 (Municipal Court of Registration)<br \/>\n<strong>Bank account number:<\/strong> CIB Bank, 10700763-69558915-51100005<\/p>\n<p>[\/vc_column_text][\/vc_column_inner][\/vc_row_inner][\/vc_column][vc_column width=&#8221;1\/2&#8243;][vc_custom_heading text=&#8221;Send us a message&#8221; font_container=&#8221;tag:h3|font_size:22|text_align:left|color:%23444444|line_height:1.8em&#8221; use_theme_fonts=&#8221;yes&#8221; tm_letter_spacing=&#8221;0px&#8221; css=&#8221;.vc_custom_1461338642180{margin-bottom: 15px !important;}&#8221;]\n<div class=\"wpcf7 no-js\" id=\"wpcf7-f2421-o1\" lang=\"en-US\" dir=\"ltr\" data-wpcf7-id=\"2421\">\n<div class=\"screen-reader-response\"><p role=\"status\" aria-live=\"polite\" aria-atomic=\"true\"><\/p> <ul><\/ul><\/div>\n<form action=\"\/en\/wp-json\/wp\/v2\/pages\/2114#wpcf7-f2421-o1\" method=\"post\" class=\"wpcf7-form init\" aria-label=\"Contact form\" novalidate=\"novalidate\" data-status=\"init\">\n<fieldset class=\"hidden-fields-container\"><input type=\"hidden\" name=\"_wpcf7\" value=\"2421\" \/><input type=\"hidden\" name=\"_wpcf7_version\" value=\"6.1.5\" \/><input type=\"hidden\" name=\"_wpcf7_locale\" value=\"en_US\" \/><input type=\"hidden\" name=\"_wpcf7_unit_tag\" value=\"wpcf7-f2421-o1\" \/><input type=\"hidden\" name=\"_wpcf7_container_post\" value=\"0\" \/><input type=\"hidden\" name=\"_wpcf7_posted_data_hash\" value=\"\" \/><input type=\"hidden\" name=\"_wpcf7_recaptcha_response\" value=\"\" \/>\n<\/fieldset>\n<p><span class=\"wpcf7-form-control-wrap\" data-name=\"your-name\"><input size=\"40\" maxlength=\"400\" class=\"wpcf7-form-control wpcf7-text wpcf7-validates-as-required\" aria-required=\"true\" aria-invalid=\"false\" placeholder=\"Name\" value=\"\" type=\"text\" name=\"your-name\" \/><\/span>\n<\/p>\n<p><span class=\"wpcf7-form-control-wrap\" data-name=\"your-email\"><input size=\"40\" maxlength=\"400\" class=\"wpcf7-form-control wpcf7-email wpcf7-validates-as-required wpcf7-text wpcf7-validates-as-email\" aria-required=\"true\" aria-invalid=\"false\" placeholder=\"E-mail\" value=\"\" type=\"email\" name=\"your-email\" \/><\/span>\n<\/p>\n<p><span class=\"wpcf7-form-control-wrap\" data-name=\"your-tel\"><input size=\"40\" maxlength=\"400\" class=\"wpcf7-form-control wpcf7-tel wpcf7-validates-as-required wpcf7-text wpcf7-validates-as-tel\" aria-required=\"true\" aria-invalid=\"false\" placeholder=\"Phone\" value=\"\" type=\"tel\" name=\"your-tel\" \/><\/span>\n<\/p>\n<p><span class=\"wpcf7-form-control-wrap\" data-name=\"your-message\"><textarea cols=\"40\" rows=\"10\" maxlength=\"2000\" class=\"wpcf7-form-control wpcf7-textarea\" aria-invalid=\"false\" placeholder=\"Message\" name=\"your-message\"><\/textarea><\/span>\n<\/p>\n<p><input class=\"wpcf7-form-control wpcf7-submit has-spinner\" type=\"submit\" value=\"Send\" \/>\n<\/p><div class=\"wpcf7-response-output\" aria-hidden=\"true\"><\/div>\n<\/form>\n<\/div>\n[\/vc_column][\/vc_row][vc_row css=&#8221;.vc_custom_1453342444123{margin-top: 60px !important;margin-bottom: 60px !important;}&#8221;][vc_column el_class=&#8221;contact-page-info&#8221;][\/vc_column][\/vc_row]<\/p>\n<\/div>","protected":false},"excerpt":{"rendered":"<div class=\"wpb-content-wrapper\">\n<p>[vc_row el_class=&#8221;tm-wpcf7&#8243;][vc_column width=&#8221;1\/2&#8243;][vc_row_inner][vc_column_inner css=&#8221;.vc_custom_1461330107320{padding-top: 35px !important;padding-right: 0px !important;padding-bottom: 35px !important;padding-left: 50px !important;}&#8221;][vc_custom_heading text=&#8221;Contact Us&#8221; font_container=&#8221;tag:h3|font_size:22|text_align:left|color:%23444444&#8243; use_theme_fonts=&#8221;yes&#8221; el_class=&#8221;heading-left-grey font-weight-700&#8243; tm_font_weight=&#8221;600&#8243; tm_letter_spacing=&#8221;0px&#8221;][vc_column_text css=&#8221;.vc_custom_1461560293250{margin-top: 25px !important;margin-bottom: 0px !important;}&#8221;]<\/p>\n<p><strong>E-mail<br \/>\n<\/strong><a href=\"mailto:europrotokoll@gmail.com\"><strong>europrotokoll@gmail.com<br \/>\n<\/strong><\/a><a href=\"mailto:Hosso.nikoletta@europrotokoll.hu\"><strong>hosso.nikoletta@europrotokoll.hu<\/strong><\/a><\/p>\n<p><strong>Web<br \/>\n<\/strong><a href=\"http:\/\/www.theprotocolmagazine.com\"><strong>www.europrotokoll.hu<br \/>\nwww.theprotocolmagazine.com<\/strong><\/a><\/p>\n<p style=\"text-align: left;\"><strong>Address:<\/strong> 1037 Budapest, Solym\u00e1rv\u00f6lgyi \u00fat 182.<br \/>\n<strong>Company: <\/strong>Protocol Education- and Assistants\u2019 Centre of Europe<br \/>\n<strong>Owners:<\/strong> Hoss\u00f3 Nikoletta<br \/>\n<strong>Tax number: <\/strong>25503689-1-42<br \/>\n<strong>Registration number:<\/strong> 01-09-278903 (Municipal Court of Registration)<br \/>\n<strong>Bank account number:<\/strong> CIB Bank,&#8230;<\/p>\n<\/div>\n","protected":false},"author":1,"featured_media":0,"parent":0,"menu_order":0,"comment_status":"closed","ping_status":"closed","template":"","meta":{"footnotes":""},"class_list":["post-2114","page","type-page","status-publish","hentry"],"yoast_head":"<!-- This site is optimized with the Yoast SEO plugin v27.4 - https:\/\/yoast.com\/product\/yoast-seo-wordpress\/ -->\n<title>Contact Us - Eur\u00f3pai Protokoll- \u00e9s Asszisztens K\u00e9pz\u0151 K\u00f6zpont Kft.<\/title>\n<meta name=\"robots\" content=\"index, follow, max-snippet:-1, max-image-preview:large, max-video-preview:-1\" \/>\n<link rel=\"canonical\" href=\"https:\/\/europrotokoll.hu\/en\/contact-us\/\" \/>\n<meta property=\"og:locale\" content=\"en_US\" \/>\n<meta property=\"og:type\" content=\"article\" \/>\n<meta property=\"og:title\" content=\"Contact Us - Eur\u00f3pai Protokoll- \u00e9s Asszisztens K\u00e9pz\u0151 K\u00f6zpont Kft.\" \/>\n<meta property=\"og:description\" content=\"[vc_row el_class=&#8221;tm-wpcf7&#8243;][vc_column width=&#8221;1\/2&#8243;][vc_row_inner][vc_column_inner css=&#8221;.vc_custom_1461330107320{padding-top: 35px !important;padding-right: 0px !important;padding-bottom: 35px !important;padding-left: 50px !important;}&#8221;][vc_custom_heading text=&#8221;Contact Us&#8221; font_container=&#8221;tag:h3|font_size:22|text_align:left|color:%23444444&#8243; use_theme_fonts=&#8221;yes&#8221; el_class=&#8221;heading-left-grey font-weight-700&#8243; tm_font_weight=&#8221;600&#8243; tm_letter_spacing=&#8221;0px&#8221;][vc_column_text css=&#8221;.vc_custom_1461560293250{margin-top: 25px !important;margin-bottom: 0px !important;}&#8221;] E-mail europrotokoll@gmail.com hosso.nikoletta@europrotokoll.hu Web www.europrotokoll.hu www.theprotocolmagazine.com Address: 1037 Budapest, Solym\u00e1rv\u00f6lgyi \u00fat 182. Company: Protocol Education- and Assistants\u2019 Centre of Europe Owners: Hoss\u00f3 Nikoletta Tax number: 25503689-1-42 Registration number: 01-09-278903 (Municipal Court of Registration) Bank account number: CIB Bank,...\" \/>\n<meta property=\"og:url\" content=\"https:\/\/europrotokoll.hu\/en\/contact-us\/\" \/>\n<meta property=\"og:site_name\" content=\"Eur\u00f3pai Protokoll- \u00e9s Asszisztens K\u00e9pz\u0151 K\u00f6zpont Kft.\" \/>\n<meta property=\"article:modified_time\" content=\"2020-03-10T15:54:36+00:00\" \/>\n<meta name=\"twitter:card\" content=\"summary_large_image\" \/>\n<meta name=\"twitter:label1\" content=\"Est. reading time\" \/>\n\t<meta name=\"twitter:data1\" content=\"1 minute\" \/>\n<script type=\"application\/ld+json\" class=\"yoast-schema-graph\">{\"@context\":\"https:\\\/\\\/schema.org\",\"@graph\":[{\"@type\":\"WebPage\",\"@id\":\"https:\\\/\\\/europrotokoll.hu\\\/en\\\/contact-us\\\/\",\"url\":\"https:\\\/\\\/europrotokoll.hu\\\/en\\\/contact-us\\\/\",\"name\":\"Contact Us - Eur\u00f3pai Protokoll- \u00e9s Asszisztens K\u00e9pz\u0151 K\u00f6zpont Kft.\",\"isPartOf\":{\"@id\":\"https:\\\/\\\/europrotokoll.hu\\\/#website\"},\"datePublished\":\"2016-06-02T13:15:07+00:00\",\"dateModified\":\"2020-03-10T15:54:36+00:00\",\"breadcrumb\":{\"@id\":\"https:\\\/\\\/europrotokoll.hu\\\/en\\\/contact-us\\\/#breadcrumb\"},\"inLanguage\":\"en-US\",\"potentialAction\":[{\"@type\":\"ReadAction\",\"target\":[\"https:\\\/\\\/europrotokoll.hu\\\/en\\\/contact-us\\\/\"]}]},{\"@type\":\"BreadcrumbList\",\"@id\":\"https:\\\/\\\/europrotokoll.hu\\\/en\\\/contact-us\\\/#breadcrumb\",\"itemListElement\":[{\"@type\":\"ListItem\",\"position\":1,\"name\":\"Home\",\"item\":\"https:\\\/\\\/europrotokoll.hu\\\/en\\\/\"},{\"@type\":\"ListItem\",\"position\":2,\"name\":\"Contact Us\"}]},{\"@type\":\"WebSite\",\"@id\":\"https:\\\/\\\/europrotokoll.hu\\\/#website\",\"url\":\"https:\\\/\\\/europrotokoll.hu\\\/\",\"name\":\"Eur\u00f3pai Protokoll- \u00e9s Asszisztens K\u00e9pz\u0151 K\u00f6zpont Kft.\",\"description\":\"\",\"potentialAction\":[{\"@type\":\"SearchAction\",\"target\":{\"@type\":\"EntryPoint\",\"urlTemplate\":\"https:\\\/\\\/europrotokoll.hu\\\/?s={search_term_string}\"},\"query-input\":{\"@type\":\"PropertyValueSpecification\",\"valueRequired\":true,\"valueName\":\"search_term_string\"}}],\"inLanguage\":\"en-US\"}]}<\/script>\n<!-- \/ Yoast SEO plugin. -->","yoast_head_json":{"title":"Contact Us - Eur\u00f3pai Protokoll- \u00e9s Asszisztens K\u00e9pz\u0151 K\u00f6zpont Kft.","robots":{"index":"index","follow":"follow","max-snippet":"max-snippet:-1","max-image-preview":"max-image-preview:large","max-video-preview":"max-video-preview:-1"},"canonical":"https:\/\/europrotokoll.hu\/en\/contact-us\/","og_locale":"en_US","og_type":"article","og_title":"Contact Us - Eur\u00f3pai Protokoll- \u00e9s Asszisztens K\u00e9pz\u0151 K\u00f6zpont Kft.","og_description":"[vc_row el_class=&#8221;tm-wpcf7&#8243;][vc_column width=&#8221;1\/2&#8243;][vc_row_inner][vc_column_inner css=&#8221;.vc_custom_1461330107320{padding-top: 35px !important;padding-right: 0px !important;padding-bottom: 35px !important;padding-left: 50px !important;}&#8221;][vc_custom_heading text=&#8221;Contact Us&#8221; font_container=&#8221;tag:h3|font_size:22|text_align:left|color:%23444444&#8243; use_theme_fonts=&#8221;yes&#8221; el_class=&#8221;heading-left-grey font-weight-700&#8243; tm_font_weight=&#8221;600&#8243; tm_letter_spacing=&#8221;0px&#8221;][vc_column_text css=&#8221;.vc_custom_1461560293250{margin-top: 25px !important;margin-bottom: 0px !important;}&#8221;] E-mail europrotokoll@gmail.com hosso.nikoletta@europrotokoll.hu Web www.europrotokoll.hu www.theprotocolmagazine.com Address: 1037 Budapest, Solym\u00e1rv\u00f6lgyi \u00fat 182. Company: Protocol Education- and Assistants\u2019 Centre of Europe Owners: Hoss\u00f3 Nikoletta Tax number: 25503689-1-42 Registration number: 01-09-278903 (Municipal Court of Registration) Bank account number: CIB Bank,...","og_url":"https:\/\/europrotokoll.hu\/en\/contact-us\/","og_site_name":"Eur\u00f3pai Protokoll- \u00e9s Asszisztens K\u00e9pz\u0151 K\u00f6zpont Kft.","article_modified_time":"2020-03-10T15:54:36+00:00","twitter_card":"summary_large_image","twitter_misc":{"Est. reading time":"1 minute"},"schema":{"@context":"https:\/\/schema.org","@graph":[{"@type":"WebPage","@id":"https:\/\/europrotokoll.hu\/en\/contact-us\/","url":"https:\/\/europrotokoll.hu\/en\/contact-us\/","name":"Contact Us - Eur\u00f3pai Protokoll- \u00e9s Asszisztens K\u00e9pz\u0151 K\u00f6zpont Kft.","isPartOf":{"@id":"https:\/\/europrotokoll.hu\/#website"},"datePublished":"2016-06-02T13:15:07+00:00","dateModified":"2020-03-10T15:54:36+00:00","breadcrumb":{"@id":"https:\/\/europrotokoll.hu\/en\/contact-us\/#breadcrumb"},"inLanguage":"en-US","potentialAction":[{"@type":"ReadAction","target":["https:\/\/europrotokoll.hu\/en\/contact-us\/"]}]},{"@type":"BreadcrumbList","@id":"https:\/\/europrotokoll.hu\/en\/contact-us\/#breadcrumb","itemListElement":[{"@type":"ListItem","position":1,"name":"Home","item":"https:\/\/europrotokoll.hu\/en\/"},{"@type":"ListItem","position":2,"name":"Contact Us"}]},{"@type":"WebSite","@id":"https:\/\/europrotokoll.hu\/#website","url":"https:\/\/europrotokoll.hu\/","name":"Eur\u00f3pai Protokoll- \u00e9s Asszisztens K\u00e9pz\u0151 K\u00f6zpont Kft.","description":"","potentialAction":[{"@type":"SearchAction","target":{"@type":"EntryPoint","urlTemplate":"https:\/\/europrotokoll.hu\/?s={search_term_string}"},"query-input":{"@type":"PropertyValueSpecification","valueRequired":true,"valueName":"search_term_string"}}],"inLanguage":"en-US"}]}},"_links":{"self":[{"href":"https:\/\/europrotokoll.hu\/en\/wp-json\/wp\/v2\/pages\/2114","targetHints":{"allow":["GET"]}}],"collection":[{"href":"https:\/\/europrotokoll.hu\/en\/wp-json\/wp\/v2\/pages"}],"about":[{"href":"https:\/\/europrotokoll.hu\/en\/wp-json\/wp\/v2\/types\/page"}],"author":[{"embeddable":true,"href":"https:\/\/europrotokoll.hu\/en\/wp-json\/wp\/v2\/users\/1"}],"replies":[{"embeddable":true,"href":"https:\/\/europrotokoll.hu\/en\/wp-json\/wp\/v2\/comments?post=2114"}],"version-history":[{"count":2,"href":"https:\/\/europrotokoll.hu\/en\/wp-json\/wp\/v2\/pages\/2114\/revisions"}],"predecessor-version":[{"id":6929,"href":"https:\/\/europrotokoll.hu\/en\/wp-json\/wp\/v2\/pages\/2114\/revisions\/6929"}],"wp:attachment":[{"href":"https:\/\/europrotokoll.hu\/en\/wp-json\/wp\/v2\/media?parent=2114"}],"curies":[{"name":"wp","href":"https:\/\/api.w.org\/{rel}","templated":true}]}}