{"id":2566,"date":"2016-06-21T07:40:48","date_gmt":"2016-06-21T07:40:48","guid":{"rendered":"http:\/\/europrotokoll.hu\/en\/kihelyezett-treningek\/"},"modified":"2016-06-21T08:03:19","modified_gmt":"2016-06-21T08:03:19","slug":"corporate-trainings","status":"publish","type":"page","link":"https:\/\/europrotokoll.hu\/en\/corporate-trainings\/","title":{"rendered":"Corporate Trainings"},"content":{"rendered":"<p><strong>Target groups<\/strong><\/p>\n<ul>\n<li>corporate representatives,<\/li>\n<li>government official personnel,<\/li>\n<li>high and mid-level executives,<\/li>\n<li>associations, organisations, multinational companies, TNC\u2019s.<\/li>\n<\/ul>\n<p><strong>Modules<\/strong><\/p>\n<ul>\n<li>Intercultural Awareness<\/li>\n<li>Business Etiquette<\/li>\n<li>Diplomatic Protocol<\/li>\n<li>Sport Protocol<\/li>\n<li>Corporate Etiquette<\/li>\n<li>Communication<\/li>\n<li>Team-building Trainings<\/li>\n<li>Private Protocol classes<\/li>\n<\/ul>\n<p>To get a quote or for more details, please, contact us.<\/p>\n","protected":false},"excerpt":{"rendered":"<p><strong>Target groups<\/strong><\/p>\n<ul>\n<li>corporate representatives,<\/li>\n<li>government official personnel,<\/li>\n<li>high and mid-level executives,<\/li>\n<li>associations, organisations, multinational companies, TNC\u2019s.<\/li>\n<\/ul>\n<p><strong>Modules<\/strong><\/p>\n<ul>\n<li>Intercultural Awareness<\/li>\n<li>Business Etiquette<\/li>\n<li>Diplomatic Protocol<\/li>\n<li>Sport Protocol<\/li>\n<li>Corporate Etiquette<\/li>\n<li>Communication<\/li>\n<li>Team-building Trainings<\/li>\n<li>Private Protocol classes<\/li>\n<\/ul>\n<p>To get a quote or for more details,&#8230;<\/p>\n","protected":false},"author":1,"featured_media":0,"parent":0,"menu_order":0,"comment_status":"closed","ping_status":"closed","template":"","meta":{"footnotes":""},"class_list":["post-2566","page","type-page","status-publish","hentry"],"yoast_head":"<!-- This site is optimized with the Yoast SEO plugin v27.4 - https:\/\/yoast.com\/product\/yoast-seo-wordpress\/ -->\n<title>Corporate Trainings - Eur\u00f3pai Protokoll- \u00e9s Asszisztens K\u00e9pz\u0151 K\u00f6zpont Kft.<\/title>\n<meta name=\"robots\" content=\"index, follow, max-snippet:-1, max-image-preview:large, max-video-preview:-1\" \/>\n<link rel=\"canonical\" href=\"https:\/\/europrotokoll.hu\/en\/corporate-trainings\/\" \/>\n<meta property=\"og:locale\" content=\"en_US\" \/>\n<meta property=\"og:type\" content=\"article\" \/>\n<meta property=\"og:title\" content=\"Corporate Trainings - Eur\u00f3pai Protokoll- \u00e9s Asszisztens K\u00e9pz\u0151 K\u00f6zpont Kft.\" \/>\n<meta property=\"og:description\" content=\"Target groups corporate representatives, government official personnel, high and mid-level executives, associations, organisations, multinational companies, TNC\u2019s. Modules Intercultural Awareness Business Etiquette Diplomatic Protocol Sport Protocol Corporate Etiquette Communication Team-building Trainings Private Protocol classes To get a quote or for more details,...\" \/>\n<meta property=\"og:url\" content=\"https:\/\/europrotokoll.hu\/en\/corporate-trainings\/\" \/>\n<meta property=\"og:site_name\" content=\"Eur\u00f3pai Protokoll- \u00e9s Asszisztens K\u00e9pz\u0151 K\u00f6zpont Kft.\" \/>\n<meta property=\"article:modified_time\" content=\"2016-06-21T08:03:19+00:00\" \/>\n<meta name=\"twitter:card\" content=\"summary_large_image\" \/>\n<script type=\"application\/ld+json\" class=\"yoast-schema-graph\">{\"@context\":\"https:\\\/\\\/schema.org\",\"@graph\":[{\"@type\":\"WebPage\",\"@id\":\"https:\\\/\\\/europrotokoll.hu\\\/en\\\/corporate-trainings\\\/\",\"url\":\"https:\\\/\\\/europrotokoll.hu\\\/en\\\/corporate-trainings\\\/\",\"name\":\"Corporate Trainings - Eur\u00f3pai Protokoll- \u00e9s Asszisztens K\u00e9pz\u0151 K\u00f6zpont Kft.\",\"isPartOf\":{\"@id\":\"https:\\\/\\\/europrotokoll.hu\\\/#website\"},\"datePublished\":\"2016-06-21T07:40:48+00:00\",\"dateModified\":\"2016-06-21T08:03:19+00:00\",\"breadcrumb\":{\"@id\":\"https:\\\/\\\/europrotokoll.hu\\\/en\\\/corporate-trainings\\\/#breadcrumb\"},\"inLanguage\":\"en-US\",\"potentialAction\":[{\"@type\":\"ReadAction\",\"target\":[\"https:\\\/\\\/europrotokoll.hu\\\/en\\\/corporate-trainings\\\/\"]}]},{\"@type\":\"BreadcrumbList\",\"@id\":\"https:\\\/\\\/europrotokoll.hu\\\/en\\\/corporate-trainings\\\/#breadcrumb\",\"itemListElement\":[{\"@type\":\"ListItem\",\"position\":1,\"name\":\"Home\",\"item\":\"https:\\\/\\\/europrotokoll.hu\\\/en\\\/\"},{\"@type\":\"ListItem\",\"position\":2,\"name\":\"Corporate Trainings\"}]},{\"@type\":\"WebSite\",\"@id\":\"https:\\\/\\\/europrotokoll.hu\\\/#website\",\"url\":\"https:\\\/\\\/europrotokoll.hu\\\/\",\"name\":\"Eur\u00f3pai Protokoll- \u00e9s Asszisztens K\u00e9pz\u0151 K\u00f6zpont Kft.\",\"description\":\"\",\"potentialAction\":[{\"@type\":\"SearchAction\",\"target\":{\"@type\":\"EntryPoint\",\"urlTemplate\":\"https:\\\/\\\/europrotokoll.hu\\\/?s={search_term_string}\"},\"query-input\":{\"@type\":\"PropertyValueSpecification\",\"valueRequired\":true,\"valueName\":\"search_term_string\"}}],\"inLanguage\":\"en-US\"}]}<\/script>\n<!-- \/ Yoast SEO plugin. -->","yoast_head_json":{"title":"Corporate Trainings - Eur\u00f3pai Protokoll- \u00e9s Asszisztens K\u00e9pz\u0151 K\u00f6zpont Kft.","robots":{"index":"index","follow":"follow","max-snippet":"max-snippet:-1","max-image-preview":"max-image-preview:large","max-video-preview":"max-video-preview:-1"},"canonical":"https:\/\/europrotokoll.hu\/en\/corporate-trainings\/","og_locale":"en_US","og_type":"article","og_title":"Corporate Trainings - Eur\u00f3pai Protokoll- \u00e9s Asszisztens K\u00e9pz\u0151 K\u00f6zpont Kft.","og_description":"Target groups corporate representatives, government official personnel, high and mid-level executives, associations, organisations, multinational companies, TNC\u2019s. Modules Intercultural Awareness Business Etiquette Diplomatic Protocol Sport Protocol Corporate Etiquette Communication Team-building Trainings Private Protocol classes To get a quote or for more details,...","og_url":"https:\/\/europrotokoll.hu\/en\/corporate-trainings\/","og_site_name":"Eur\u00f3pai Protokoll- \u00e9s Asszisztens K\u00e9pz\u0151 K\u00f6zpont Kft.","article_modified_time":"2016-06-21T08:03:19+00:00","twitter_card":"summary_large_image","schema":{"@context":"https:\/\/schema.org","@graph":[{"@type":"WebPage","@id":"https:\/\/europrotokoll.hu\/en\/corporate-trainings\/","url":"https:\/\/europrotokoll.hu\/en\/corporate-trainings\/","name":"Corporate Trainings - Eur\u00f3pai Protokoll- \u00e9s Asszisztens K\u00e9pz\u0151 K\u00f6zpont Kft.","isPartOf":{"@id":"https:\/\/europrotokoll.hu\/#website"},"datePublished":"2016-06-21T07:40:48+00:00","dateModified":"2016-06-21T08:03:19+00:00","breadcrumb":{"@id":"https:\/\/europrotokoll.hu\/en\/corporate-trainings\/#breadcrumb"},"inLanguage":"en-US","potentialAction":[{"@type":"ReadAction","target":["https:\/\/europrotokoll.hu\/en\/corporate-trainings\/"]}]},{"@type":"BreadcrumbList","@id":"https:\/\/europrotokoll.hu\/en\/corporate-trainings\/#breadcrumb","itemListElement":[{"@type":"ListItem","position":1,"name":"Home","item":"https:\/\/europrotokoll.hu\/en\/"},{"@type":"ListItem","position":2,"name":"Corporate Trainings"}]},{"@type":"WebSite","@id":"https:\/\/europrotokoll.hu\/#website","url":"https:\/\/europrotokoll.hu\/","name":"Eur\u00f3pai Protokoll- \u00e9s Asszisztens K\u00e9pz\u0151 K\u00f6zpont Kft.","description":"","potentialAction":[{"@type":"SearchAction","target":{"@type":"EntryPoint","urlTemplate":"https:\/\/europrotokoll.hu\/?s={search_term_string}"},"query-input":{"@type":"PropertyValueSpecification","valueRequired":true,"valueName":"search_term_string"}}],"inLanguage":"en-US"}]}},"_links":{"self":[{"href":"https:\/\/europrotokoll.hu\/en\/wp-json\/wp\/v2\/pages\/2566","targetHints":{"allow":["GET"]}}],"collection":[{"href":"https:\/\/europrotokoll.hu\/en\/wp-json\/wp\/v2\/pages"}],"about":[{"href":"https:\/\/europrotokoll.hu\/en\/wp-json\/wp\/v2\/types\/page"}],"author":[{"embeddable":true,"href":"https:\/\/europrotokoll.hu\/en\/wp-json\/wp\/v2\/users\/1"}],"replies":[{"embeddable":true,"href":"https:\/\/europrotokoll.hu\/en\/wp-json\/wp\/v2\/comments?post=2566"}],"version-history":[{"count":0,"href":"https:\/\/europrotokoll.hu\/en\/wp-json\/wp\/v2\/pages\/2566\/revisions"}],"wp:attachment":[{"href":"https:\/\/europrotokoll.hu\/en\/wp-json\/wp\/v2\/media?parent=2566"}],"curies":[{"name":"wp","href":"https:\/\/api.w.org\/{rel}","templated":true}]}}